{"id":28,"date":"2017-02-18T09:49:56","date_gmt":"2017-02-18T08:49:56","guid":{"rendered":"http:\/\/topographie-d-occasion.com\/?page_id=28"},"modified":"2020-08-24T09:27:23","modified_gmt":"2020-08-24T07:27:23","slug":"nous-connaitre","status":"publish","type":"page","link":"https:\/\/topographie-d-occasion.com\/?page_id=28","title":{"rendered":"les news"},"content":{"rendered":"<p>Test du Gps NR2 SEPTENTRIO \u00e0 l&rsquo;entreprise Somat, <a href=\"https:\/\/www.somat-carriere06.com\/\">carri\u00e8re situ\u00e9e \u00e0 La Turbie dans les Alpes-Maritimes.<\/a><\/p>\n<p>Nous pouvons apercevoir Mr Escande, directeur d\u2019exploitation , au pied du front d&rsquo;une hauteur de 45m.<\/p>\n<p>L&rsquo;antenne GPS Altus NR2 \u00e0 pu fonctionner et nous donner des points centim\u00e9triques<\/p>\n<p>dans cet environnement extr\u00eamement difficile.<\/p>\n<p><img data-recalc-dims=\"1\" fetchpriority=\"high\" decoding=\"async\" data-attachment-id=\"205\" data-permalink=\"https:\/\/topographie-d-occasion.com\/?attachment_id=205\" data-orig-file=\"https:\/\/i0.wp.com\/topographie-d-occasion.com\/wp-content\/uploads\/2017\/02\/IMG_20170706_111217.jpg?fit=3456%2C4608&amp;ssl=1\" data-orig-size=\"3456,4608\" data-comments-opened=\"0\" data-image-meta=\"{&quot;aperture&quot;:&quot;2.8&quot;,&quot;credit&quot;:&quot;&quot;,&quot;camera&quot;:&quot;Y6_Piano_black&quot;,&quot;caption&quot;:&quot;&quot;,&quot;created_timestamp&quot;:&quot;1499339538&quot;,&quot;copyright&quot;:&quot;&quot;,&quot;focal_length&quot;:&quot;3.5&quot;,&quot;iso&quot;:&quot;100&quot;,&quot;shutter_speed&quot;:&quot;0.000426&quot;,&quot;title&quot;:&quot;&quot;,&quot;orientation&quot;:&quot;1&quot;}\" data-image-title=\"IMG_20170706_111217\" data-image-description=\"\" data-image-caption=\"\" data-large-file=\"https:\/\/i0.wp.com\/topographie-d-occasion.com\/wp-content\/uploads\/2017\/02\/IMG_20170706_111217.jpg?fit=640%2C853&amp;ssl=1\" class=\"alignnone wp-image-205\" src=\"https:\/\/i0.wp.com\/topographie-d-occasion.com\/wp-content\/uploads\/2017\/02\/IMG_20170706_111217.jpg?resize=545%2C727\" alt=\"\" width=\"545\" height=\"727\" srcset=\"https:\/\/i0.wp.com\/topographie-d-occasion.com\/wp-content\/uploads\/2017\/02\/IMG_20170706_111217.jpg?resize=225%2C300&amp;ssl=1 225w, https:\/\/i0.wp.com\/topographie-d-occasion.com\/wp-content\/uploads\/2017\/02\/IMG_20170706_111217.jpg?resize=768%2C1024&amp;ssl=1 768w, https:\/\/i0.wp.com\/topographie-d-occasion.com\/wp-content\/uploads\/2017\/02\/IMG_20170706_111217.jpg?w=1280 1280w, https:\/\/i0.wp.com\/topographie-d-occasion.com\/wp-content\/uploads\/2017\/02\/IMG_20170706_111217.jpg?w=1920 1920w\" sizes=\"(max-width: 545px) 100vw, 545px\" \/><\/p>\n<p><img data-recalc-dims=\"1\" decoding=\"async\" data-attachment-id=\"206\" data-permalink=\"https:\/\/topographie-d-occasion.com\/?attachment_id=206\" data-orig-file=\"https:\/\/i0.wp.com\/topographie-d-occasion.com\/wp-content\/uploads\/2017\/02\/IMG_20170706_105527.jpg?fit=4608%2C3456&amp;ssl=1\" data-orig-size=\"4608,3456\" data-comments-opened=\"0\" data-image-meta=\"{&quot;aperture&quot;:&quot;2.8&quot;,&quot;credit&quot;:&quot;&quot;,&quot;camera&quot;:&quot;Y6_Piano_black&quot;,&quot;caption&quot;:&quot;&quot;,&quot;created_timestamp&quot;:&quot;1499338527&quot;,&quot;copyright&quot;:&quot;&quot;,&quot;focal_length&quot;:&quot;3.5&quot;,&quot;iso&quot;:&quot;99&quot;,&quot;shutter_speed&quot;:&quot;0.000561&quot;,&quot;title&quot;:&quot;&quot;,&quot;orientation&quot;:&quot;1&quot;}\" data-image-title=\"IMG_20170706_105527\" data-image-description=\"\" data-image-caption=\"\" data-large-file=\"https:\/\/i0.wp.com\/topographie-d-occasion.com\/wp-content\/uploads\/2017\/02\/IMG_20170706_105527.jpg?fit=640%2C480&amp;ssl=1\" class=\"alignnone wp-image-206\" src=\"https:\/\/i0.wp.com\/topographie-d-occasion.com\/wp-content\/uploads\/2017\/02\/IMG_20170706_105527.jpg?resize=540%2C405\" alt=\"\" width=\"540\" height=\"405\" srcset=\"https:\/\/i0.wp.com\/topographie-d-occasion.com\/wp-content\/uploads\/2017\/02\/IMG_20170706_105527.jpg?resize=300%2C225&amp;ssl=1 300w, https:\/\/i0.wp.com\/topographie-d-occasion.com\/wp-content\/uploads\/2017\/02\/IMG_20170706_105527.jpg?resize=768%2C576&amp;ssl=1 768w, https:\/\/i0.wp.com\/topographie-d-occasion.com\/wp-content\/uploads\/2017\/02\/IMG_20170706_105527.jpg?resize=1024%2C768&amp;ssl=1 1024w, https:\/\/i0.wp.com\/topographie-d-occasion.com\/wp-content\/uploads\/2017\/02\/IMG_20170706_105527.jpg?w=1280 1280w, https:\/\/i0.wp.com\/topographie-d-occasion.com\/wp-content\/uploads\/2017\/02\/IMG_20170706_105527.jpg?w=1920 1920w\" sizes=\"(max-width: 540px) 100vw, 540px\" \/><\/p>\n<p><span id=\"ember6508\" class=\"ember-view\" data-control-name=\"update_hashtag\">L&rsquo;\u00e9quipe du Cadastre de Montauban a choisi l&rsquo;\u00e9quipement GPS ALTUS NR2 de chez SEPTENTRIO . <\/span><\/p>\n<p><span id=\"ember6508\" class=\"ember-view\" data-control-name=\"update_hashtag\">Ce qui a \u00e9t\u00e9 retenu des tests effectu\u00e9s sur ce mat\u00e9riel sont : <\/span><\/p>\n<p>Rapidit\u00e9 d&rsquo;initialisation et reprise du fixe -7sec<\/p>\n<p><span id=\"ember6508\" class=\"ember-view\" data-control-name=\"update_hashtag\">Les performances de pr\u00e9cision sous couvert v\u00e9g\u00e9tal et contre les b\u00e2timents, <\/span><\/p>\n<p><span id=\"ember6508\" class=\"ember-view\" data-control-name=\"update_hashtag\">La qualit\u00e9 de mesure dans les environnements difficiles,<br \/>\n<\/span><\/p>\n<p>Le poids.<\/p>\n<p><img data-recalc-dims=\"1\" decoding=\"async\" data-attachment-id=\"66\" data-permalink=\"https:\/\/topographie-d-occasion.com\/?attachment_id=66\" data-orig-file=\"https:\/\/i0.wp.com\/topographie-d-occasion.com\/wp-content\/uploads\/2017\/02\/cadastre-montauban.jpg?fit=800%2C600&amp;ssl=1\" data-orig-size=\"800,600\" data-comments-opened=\"1\" data-image-meta=\"{&quot;aperture&quot;:&quot;0&quot;,&quot;credit&quot;:&quot;&quot;,&quot;camera&quot;:&quot;&quot;,&quot;caption&quot;:&quot;&quot;,&quot;created_timestamp&quot;:&quot;0&quot;,&quot;copyright&quot;:&quot;&quot;,&quot;focal_length&quot;:&quot;0&quot;,&quot;iso&quot;:&quot;0&quot;,&quot;shutter_speed&quot;:&quot;0&quot;,&quot;title&quot;:&quot;&quot;,&quot;orientation&quot;:&quot;0&quot;}\" data-image-title=\"cadastre montauban\" data-image-description=\"\" data-image-caption=\"\" data-large-file=\"https:\/\/i0.wp.com\/topographie-d-occasion.com\/wp-content\/uploads\/2017\/02\/cadastre-montauban.jpg?fit=640%2C480&amp;ssl=1\" class=\"alignnone wp-image-66 size-full\" src=\"https:\/\/i0.wp.com\/topographie-d-occasion.com\/wp-content\/uploads\/2017\/02\/cadastre-montauban.jpg?resize=640%2C480\" alt=\"\" width=\"640\" height=\"480\" srcset=\"https:\/\/i0.wp.com\/topographie-d-occasion.com\/wp-content\/uploads\/2017\/02\/cadastre-montauban.jpg?w=800&amp;ssl=1 800w, https:\/\/i0.wp.com\/topographie-d-occasion.com\/wp-content\/uploads\/2017\/02\/cadastre-montauban.jpg?resize=300%2C225&amp;ssl=1 300w, https:\/\/i0.wp.com\/topographie-d-occasion.com\/wp-content\/uploads\/2017\/02\/cadastre-montauban.jpg?resize=768%2C576&amp;ssl=1 768w\" sizes=\"(max-width: 640px) 100vw, 640px\" \/><\/p>\n","protected":false},"excerpt":{"rendered":"<p>Test du Gps NR2 SEPTENTRIO \u00e0 l&rsquo;entreprise Somat, carri\u00e8re situ\u00e9e \u00e0 La Turbie dans les Alpes-Maritimes. Nous pouvons apercevoir Mr Escande, directeur d\u2019exploitation&#8230;<\/p>\n","protected":false},"author":1,"featured_media":0,"parent":0,"menu_order":0,"comment_status":"closed","ping_status":"closed","template":"","meta":{"advanced_seo_description":"","jetpack_seo_html_title":"","jetpack_seo_noindex":false,"jetpack_post_was_ever_published":false,"footnotes":""},"class_list":["post-28","page","type-page","status-publish","hentry"],"jetpack_sharing_enabled":true,"jetpack_shortlink":"https:\/\/wp.me\/P8pvUa-s","jetpack-related-posts":[],"jetpack_likes_enabled":true,"_links":{"self":[{"href":"https:\/\/topographie-d-occasion.com\/index.php?rest_route=\/wp\/v2\/pages\/28","targetHints":{"allow":["GET"]}}],"collection":[{"href":"https:\/\/topographie-d-occasion.com\/index.php?rest_route=\/wp\/v2\/pages"}],"about":[{"href":"https:\/\/topographie-d-occasion.com\/index.php?rest_route=\/wp\/v2\/types\/page"}],"author":[{"embeddable":true,"href":"https:\/\/topographie-d-occasion.com\/index.php?rest_route=\/wp\/v2\/users\/1"}],"replies":[{"embeddable":true,"href":"https:\/\/topographie-d-occasion.com\/index.php?rest_route=%2Fwp%2Fv2%2Fcomments&post=28"}],"version-history":[{"count":10,"href":"https:\/\/topographie-d-occasion.com\/index.php?rest_route=\/wp\/v2\/pages\/28\/revisions"}],"predecessor-version":[{"id":1016,"href":"https:\/\/topographie-d-occasion.com\/index.php?rest_route=\/wp\/v2\/pages\/28\/revisions\/1016"}],"wp:attachment":[{"href":"https:\/\/topographie-d-occasion.com\/index.php?rest_route=%2Fwp%2Fv2%2Fmedia&parent=28"}],"curies":[{"name":"wp","href":"https:\/\/api.w.org\/{rel}","templated":true}]}}