{"id":1075,"date":"2020-09-09T09:07:37","date_gmt":"2020-09-09T07:07:37","guid":{"rendered":"http:\/\/topographie-d-occasion.com\/?page_id=1075"},"modified":"2020-09-09T09:50:03","modified_gmt":"2020-09-09T07:50:03","slug":"sav","status":"publish","type":"page","link":"https:\/\/topographie-d-occasion.com\/?page_id=1075","title":{"rendered":"SAV"},"content":{"rendered":"\t\t<div data-elementor-type=\"wp-page\" data-elementor-id=\"1075\" class=\"elementor elementor-1075\">\n\t\t\t\t\t\t<section class=\"elementor-section elementor-top-section elementor-element elementor-element-be79799 elementor-section-boxed elementor-section-height-default elementor-section-height-default\" data-id=\"be79799\" data-element_type=\"section\" data-e-type=\"section\">\n\t\t\t\t\t\t<div class=\"elementor-container elementor-column-gap-default\">\n\t\t\t\t\t<div class=\"elementor-column elementor-col-100 elementor-top-column elementor-element elementor-element-e311bb5\" data-id=\"e311bb5\" data-element_type=\"column\" data-e-type=\"column\">\n\t\t\t<div class=\"elementor-widget-wrap elementor-element-populated\">\n\t\t\t\t\t\t<div class=\"elementor-element elementor-element-5ae3c76 elementor-arrows-position-inside elementor-pagination-position-outside elementor-widget elementor-widget-image-carousel\" data-id=\"5ae3c76\" data-element_type=\"widget\" data-e-type=\"widget\" data-settings=\"{&quot;slides_to_scroll&quot;:&quot;1&quot;,&quot;navigation&quot;:&quot;both&quot;,&quot;autoplay&quot;:&quot;yes&quot;,&quot;pause_on_hover&quot;:&quot;yes&quot;,&quot;pause_on_interaction&quot;:&quot;yes&quot;,&quot;autoplay_speed&quot;:5000,&quot;infinite&quot;:&quot;yes&quot;,&quot;speed&quot;:500}\" data-widget_type=\"image-carousel.default\">\n\t\t\t\t<div class=\"elementor-widget-container\">\n\t\t\t\t\t\t\t<div class=\"elementor-image-carousel-wrapper swiper\" role=\"region\" aria-roledescription=\"carousel\" aria-label=\"Carrousel d\u2019images\" dir=\"ltr\">\n\t\t\t<div class=\"elementor-image-carousel swiper-wrapper\" aria-live=\"off\">\n\t\t\t\t\t\t\t\t<div class=\"swiper-slide\" role=\"group\" aria-roledescription=\"slide\" aria-label=\"1 sur 4\"><figure class=\"swiper-slide-inner\"><img decoding=\"async\" class=\"swiper-slide-image\" src=\"https:\/\/i0.wp.com\/topographie-d-occasion.com\/wp-content\/uploads\/2020\/09\/IMG-20140523-WA0000.jpg?resize=150%2C150&amp;ssl=1\" alt=\"IMG-20140523-WA0000\" \/><\/figure><\/div><div class=\"swiper-slide\" role=\"group\" aria-roledescription=\"slide\" aria-label=\"2 sur 4\"><figure class=\"swiper-slide-inner\"><img decoding=\"async\" class=\"swiper-slide-image\" src=\"https:\/\/i0.wp.com\/topographie-d-occasion.com\/wp-content\/uploads\/2020\/09\/IMG-20140523-WA0001.jpg?resize=150%2C150&amp;ssl=1\" alt=\"IMG-20140523-WA0001\" \/><\/figure><\/div><div class=\"swiper-slide\" role=\"group\" aria-roledescription=\"slide\" aria-label=\"3 sur 4\"><figure class=\"swiper-slide-inner\"><img decoding=\"async\" class=\"swiper-slide-image\" src=\"https:\/\/i0.wp.com\/topographie-d-occasion.com\/wp-content\/uploads\/2020\/09\/geomax.jpg?resize=150%2C150&amp;ssl=1\" alt=\"geomax\" \/><\/figure><\/div><div class=\"swiper-slide\" role=\"group\" aria-roledescription=\"slide\" aria-label=\"4 sur 4\"><figure class=\"swiper-slide-inner\"><img decoding=\"async\" class=\"swiper-slide-image\" src=\"https:\/\/i0.wp.com\/topographie-d-occasion.com\/wp-content\/uploads\/2020\/09\/6e4f4dd5-5d74-4dd3-96f4-157e4c2702ef-original.jpeg?resize=150%2C150&amp;ssl=1\" alt=\"6e4f4dd5-5d74-4dd3-96f4-157e4c2702ef-original\" \/><\/figure><\/div>\t\t\t<\/div>\n\t\t\t\t\t\t\t\t\t\t\t\t<div class=\"elementor-swiper-button elementor-swiper-button-prev\" role=\"button\" tabindex=\"0\">\n\t\t\t\t\t\t<i aria-hidden=\"true\" class=\"eicon-chevron-left\"><\/i>\t\t\t\t\t<\/div>\n\t\t\t\t\t<div class=\"elementor-swiper-button elementor-swiper-button-next\" role=\"button\" tabindex=\"0\">\n\t\t\t\t\t\t<i aria-hidden=\"true\" class=\"eicon-chevron-right\"><\/i>\t\t\t\t\t<\/div>\n\t\t\t\t\n\t\t\t\t\t\t\t\t\t<div class=\"swiper-pagination\"><\/div>\n\t\t\t\t\t\t\t\t\t<\/div>\n\t\t\t\t\t\t<\/div>\n\t\t\t\t<\/div>\n\t\t\t\t\t<\/div>\n\t\t<\/div>\n\t\t\t\t\t<\/div>\n\t\t<\/section>\n\t\t\t\t<section class=\"elementor-section elementor-top-section elementor-element elementor-element-54c9ce47 elementor-section-boxed elementor-section-height-default elementor-section-height-default\" data-id=\"54c9ce47\" data-element_type=\"section\" data-e-type=\"section\">\n\t\t\t\t\t\t<div class=\"elementor-container elementor-column-gap-default\">\n\t\t\t\t\t<div class=\"elementor-column elementor-col-100 elementor-top-column elementor-element elementor-element-333330f2\" data-id=\"333330f2\" data-element_type=\"column\" data-e-type=\"column\">\n\t\t\t<div class=\"elementor-widget-wrap elementor-element-populated\">\n\t\t\t\t\t\t<div class=\"elementor-element elementor-element-82d09e8 elementor-widget elementor-widget-text-editor\" data-id=\"82d09e8\" data-element_type=\"widget\" data-e-type=\"widget\" data-widget_type=\"text-editor.default\">\n\t\t\t\t<div class=\"elementor-widget-container\">\n\t\t\t\t\t\t\t\t\t\n<p>Pour le SAV en topographie, des connaissances approfondies sont tout aussi importantes que l&rsquo;utilisation d&rsquo;\u00e9l\u00e9ments optiques haut de gamme.<br>C&rsquo;est pourquoi, nos centres sav sur les-quelles nous nous appuyons ont une profonde technicit\u00e9 des produits Leica, Geomax, Trimble.<\/p>\n\n\n\n<p>Compter 10 jours ouvr\u00e9s, d\u00e8s r\u00e9ception pour le mat\u00e9riel Geomax, sav en Fance.<br>Compter 15 jours ouvr\u00e9s, d\u00e8s r\u00e9ception pour le mat\u00e9riel Leica et Trimble, sav en Europe.<\/p>\n\n\n\n<p>les centres de SAV, sont agr\u00e9e par les marques Leica, Geomax, Trimble.<\/p>\n\n\n\n<p>Nous vous transmettons le devis gratuit \u00e0 nous retourner sous 24h, une fois les travaux effectu\u00e9, votre facture sera accompagne du certificat de calibration.<\/p>\n\n\n\n<p>Nous r\u00e9parons toute la gammes leica TCRP1200+, TS12, TS13, TS15, TS16, TS30, TM30&#8230;<\/p>\n\n\n\n<p><\/p>\n\t\t\t\t\t\t\t\t<\/div>\n\t\t\t\t<\/div>\n\t\t\t\t\t<\/div>\n\t\t<\/div>\n\t\t\t\t\t<\/div>\n\t\t<\/section>\n\t\t\t\t<\/div>\n\t\t","protected":false},"excerpt":{"rendered":"<p>Pr\u00e9c\u00e9dent Suivant Pour le SAV en topographie, des connaissances approfondies sont tout aussi importantes que l&rsquo;utilisation d&rsquo;\u00e9l\u00e9ments optiques haut de gamme.C&rsquo;est pourquoi, nos&#8230;<\/p>\n","protected":false},"author":1,"featured_media":0,"parent":0,"menu_order":0,"comment_status":"closed","ping_status":"closed","template":"","meta":{"advanced_seo_description":"","jetpack_seo_html_title":"","jetpack_seo_noindex":false,"jetpack_post_was_ever_published":false,"footnotes":""},"class_list":["post-1075","page","type-page","status-publish","hentry"],"jetpack_sharing_enabled":true,"jetpack_shortlink":"https:\/\/wp.me\/P8pvUa-hl","jetpack-related-posts":[],"jetpack_likes_enabled":true,"_links":{"self":[{"href":"https:\/\/topographie-d-occasion.com\/index.php?rest_route=\/wp\/v2\/pages\/1075","targetHints":{"allow":["GET"]}}],"collection":[{"href":"https:\/\/topographie-d-occasion.com\/index.php?rest_route=\/wp\/v2\/pages"}],"about":[{"href":"https:\/\/topographie-d-occasion.com\/index.php?rest_route=\/wp\/v2\/types\/page"}],"author":[{"embeddable":true,"href":"https:\/\/topographie-d-occasion.com\/index.php?rest_route=\/wp\/v2\/users\/1"}],"replies":[{"embeddable":true,"href":"https:\/\/topographie-d-occasion.com\/index.php?rest_route=%2Fwp%2Fv2%2Fcomments&post=1075"}],"version-history":[{"count":7,"href":"https:\/\/topographie-d-occasion.com\/index.php?rest_route=\/wp\/v2\/pages\/1075\/revisions"}],"predecessor-version":[{"id":1102,"href":"https:\/\/topographie-d-occasion.com\/index.php?rest_route=\/wp\/v2\/pages\/1075\/revisions\/1102"}],"wp:attachment":[{"href":"https:\/\/topographie-d-occasion.com\/index.php?rest_route=%2Fwp%2Fv2%2Fmedia&parent=1075"}],"curies":[{"name":"wp","href":"https:\/\/api.w.org\/{rel}","templated":true}]}}