{"id":1071,"date":"2020-09-08T10:26:08","date_gmt":"2020-09-08T08:26:08","guid":{"rendered":"http:\/\/topographie-d-occasion.com\/?page_id=1071"},"modified":"2020-09-09T09:41:14","modified_gmt":"2020-09-09T07:41:14","slug":"rachat-materiel-depot-vente","status":"publish","type":"page","link":"https:\/\/topographie-d-occasion.com\/?page_id=1071","title":{"rendered":"Rachat Mat\u00e9riel , D\u00e9p\u00f4t vente."},"content":{"rendered":"\t\t<div data-elementor-type=\"wp-page\" data-elementor-id=\"1071\" class=\"elementor elementor-1071\">\n\t\t\t\t\t\t<section class=\"elementor-section elementor-top-section elementor-element elementor-element-27d46f2 elementor-section-boxed elementor-section-height-default elementor-section-height-default\" data-id=\"27d46f2\" data-element_type=\"section\" data-e-type=\"section\">\n\t\t\t\t\t\t<div class=\"elementor-container elementor-column-gap-default\">\n\t\t\t\t\t<div class=\"elementor-column elementor-col-100 elementor-top-column elementor-element elementor-element-a5c42cf\" data-id=\"a5c42cf\" data-element_type=\"column\" data-e-type=\"column\">\n\t\t\t<div class=\"elementor-widget-wrap elementor-element-populated\">\n\t\t\t\t\t\t<div class=\"elementor-element elementor-element-594e054 elementor-widget elementor-widget-image\" data-id=\"594e054\" data-element_type=\"widget\" data-e-type=\"widget\" data-widget_type=\"image.default\">\n\t\t\t\t<div class=\"elementor-widget-container\">\n\t\t\t\t\t\t\t\t\t\t\t\t\t\t\t\t<a href=\"http:\/\/topographie-d-occasion.com\/?cat=4\">\n\t\t\t\t\t\t\t<img fetchpriority=\"high\" decoding=\"async\" data-attachment-id=\"1091\" data-permalink=\"https:\/\/topographie-d-occasion.com\/?attachment_id=1091\" data-orig-file=\"https:\/\/i0.wp.com\/topographie-d-occasion.com\/wp-content\/uploads\/2020\/09\/R0000498-scaled.jpg?fit=2560%2C1696&amp;ssl=1\" data-orig-size=\"2560,1696\" data-comments-opened=\"0\" data-image-meta=\"{&quot;aperture&quot;:&quot;2.8&quot;,&quot;credit&quot;:&quot;&quot;,&quot;camera&quot;:&quot;GR II&quot;,&quot;caption&quot;:&quot;&quot;,&quot;created_timestamp&quot;:&quot;1565624527&quot;,&quot;copyright&quot;:&quot;&quot;,&quot;focal_length&quot;:&quot;18.3&quot;,&quot;iso&quot;:&quot;280&quot;,&quot;shutter_speed&quot;:&quot;0.025&quot;,&quot;title&quot;:&quot;&quot;,&quot;orientation&quot;:&quot;1&quot;}\" data-image-title=\"R0000498\" data-image-description=\"\" data-image-caption=\"\" data-large-file=\"https:\/\/i0.wp.com\/topographie-d-occasion.com\/wp-content\/uploads\/2020\/09\/R0000498-scaled.jpg?fit=640%2C424&amp;ssl=1\" width=\"640\" height=\"424\" src=\"https:\/\/i0.wp.com\/topographie-d-occasion.com\/wp-content\/uploads\/2020\/09\/R0000498-scaled.jpg?fit=640%2C424&amp;ssl=1\" class=\"elementor-animation-pulse-grow attachment-medium_large size-medium_large wp-image-1091\" alt=\"\" srcset=\"https:\/\/i0.wp.com\/topographie-d-occasion.com\/wp-content\/uploads\/2020\/09\/R0000498-scaled.jpg?w=2560&amp;ssl=1 2560w, https:\/\/i0.wp.com\/topographie-d-occasion.com\/wp-content\/uploads\/2020\/09\/R0000498-scaled.jpg?resize=300%2C199&amp;ssl=1 300w, https:\/\/i0.wp.com\/topographie-d-occasion.com\/wp-content\/uploads\/2020\/09\/R0000498-scaled.jpg?resize=1024%2C678&amp;ssl=1 1024w, https:\/\/i0.wp.com\/topographie-d-occasion.com\/wp-content\/uploads\/2020\/09\/R0000498-scaled.jpg?resize=768%2C509&amp;ssl=1 768w, https:\/\/i0.wp.com\/topographie-d-occasion.com\/wp-content\/uploads\/2020\/09\/R0000498-scaled.jpg?resize=1536%2C1017&amp;ssl=1 1536w, https:\/\/i0.wp.com\/topographie-d-occasion.com\/wp-content\/uploads\/2020\/09\/R0000498-scaled.jpg?resize=2048%2C1356&amp;ssl=1 2048w, https:\/\/i0.wp.com\/topographie-d-occasion.com\/wp-content\/uploads\/2020\/09\/R0000498-scaled.jpg?w=1280 1280w, https:\/\/i0.wp.com\/topographie-d-occasion.com\/wp-content\/uploads\/2020\/09\/R0000498-scaled.jpg?w=1920 1920w\" sizes=\"(max-width: 640px) 100vw, 640px\" data-attachment-id=\"1091\" data-permalink=\"https:\/\/topographie-d-occasion.com\/?attachment_id=1091\" data-orig-file=\"https:\/\/i0.wp.com\/topographie-d-occasion.com\/wp-content\/uploads\/2020\/09\/R0000498-scaled.jpg?fit=2560%2C1696&amp;ssl=1\" data-orig-size=\"2560,1696\" data-comments-opened=\"0\" data-image-meta=\"{&quot;aperture&quot;:&quot;2.8&quot;,&quot;credit&quot;:&quot;&quot;,&quot;camera&quot;:&quot;GR II&quot;,&quot;caption&quot;:&quot;&quot;,&quot;created_timestamp&quot;:&quot;1565624527&quot;,&quot;copyright&quot;:&quot;&quot;,&quot;focal_length&quot;:&quot;18.3&quot;,&quot;iso&quot;:&quot;280&quot;,&quot;shutter_speed&quot;:&quot;0.025&quot;,&quot;title&quot;:&quot;&quot;,&quot;orientation&quot;:&quot;1&quot;}\" data-image-title=\"R0000498\" data-image-description=\"\" data-image-caption=\"\" data-large-file=\"https:\/\/i0.wp.com\/topographie-d-occasion.com\/wp-content\/uploads\/2020\/09\/R0000498-scaled.jpg?fit=640%2C424&amp;ssl=1\" \/>\t\t\t\t\t\t\t\t<\/a>\n\t\t\t\t\t\t\t\t\t\t\t\t\t\t\t<\/div>\n\t\t\t\t<\/div>\n\t\t\t\t\t<\/div>\n\t\t<\/div>\n\t\t\t\t\t<\/div>\n\t\t<\/section>\n\t\t\t\t<section class=\"elementor-section elementor-top-section elementor-element elementor-element-6c956265 elementor-section-boxed elementor-section-height-default elementor-section-height-default\" data-id=\"6c956265\" data-element_type=\"section\" data-e-type=\"section\">\n\t\t\t\t\t\t<div class=\"elementor-container elementor-column-gap-default\">\n\t\t\t\t\t<div class=\"elementor-column elementor-col-100 elementor-top-column elementor-element elementor-element-73c9a0\" data-id=\"73c9a0\" data-element_type=\"column\" data-e-type=\"column\">\n\t\t\t<div class=\"elementor-widget-wrap elementor-element-populated\">\n\t\t\t\t\t\t<div class=\"elementor-element elementor-element-3c0d2ae9 elementor-widget elementor-widget-text-editor\" data-id=\"3c0d2ae9\" data-element_type=\"widget\" data-e-type=\"widget\" data-widget_type=\"text-editor.default\">\n\t\t\t\t<div class=\"elementor-widget-container\">\n\t\t\t\t\t\t\t\t\t\n<p>Conditions de reprise.<\/p>\n\n\n\n<p>En terme de reprises deux solutions s&rsquo;offrent \u00e0 vous : le d\u00e9p\u00f4t-vente et le rachat ferme.<\/p>\n\n\n\n<p>Le D\u00e9p\u00f4t-vente :<br>Apr\u00e8s estimation, nous vous proposeront un prix \u00ab\u00a0net vendeur\u00a0\u00bb qui vous sera pay\u00e9 une fois la vente effectu\u00e9e, soit par ch\u00e8que, soit en avoir marchandises. Il vous sera alors soumis un contrat de d\u00e9p\u00f4t-vente indiquant pr\u00e9cis\u00e9ment toutes les conditions de la transaction, notamment la p\u00e9riode engageante pendant laquelle vous laisserez le mat\u00e9riel \u00e0 disposition exclusive du magasin.<\/p>\n\n\n\n<p>Le Rachat ferme :<br>Si vous ne souhaitez pas r\u00e9investir dans du mat\u00e9riel neuf ou que vous \u00eates press\u00e9s de r\u00e9aliser la vente d&rsquo;un mat\u00e9riel, nous pourront vous proposer sous conditions, une solution de rachat imm\u00e9diat avec un paiement comptant par ch\u00e8que.<\/p>\n\n\n\n<p>Pour toute op\u00e9ration de reprise de d\u00e9p\u00f4t-vente ou de rachat, il sera demand\u00e9 une pi\u00e8ce d&rsquo;identit\u00e9 et la facture du mat\u00e9riel au m\u00eame nom.<\/p>\n\n\n\n<p>Moyen : Mat\u00e9riel pr\u00e9sentant des traces d\u2019usage ou sans l\u2019emballage d\u2019origine, mais en bon \u00e9tat de fonctionnement et avec les accessoires indispensables \u00e0 son fonctionnement.<br>Normal : Mat\u00e9riel sans trace de choc, sans rayure importante ni usure marqu\u00e9e. Avec emballage d\u2019origine, les accessoires vitaux indispensables \u00e0 son fonctionnement et facture.<br>Exceptionnel: Idem, mais mat\u00e9riel d&rsquo;occasion proche de l\u2019\u00e9tat neuf, tr\u00e8s r\u00e9cent ou ayant \u00e9t\u00e9 tr\u00e8s peu utilis\u00e9.<\/p>\n\t\t\t\t\t\t\t\t<\/div>\n\t\t\t\t<\/div>\n\t\t\t\t\t<\/div>\n\t\t<\/div>\n\t\t\t\t\t<\/div>\n\t\t<\/section>\n\t\t\t\t<\/div>\n\t\t","protected":false},"excerpt":{"rendered":"<p>Conditions de reprise. En terme de reprises deux solutions s&rsquo;offrent \u00e0 vous : le d\u00e9p\u00f4t-vente et le rachat ferme. Le D\u00e9p\u00f4t-vente :Apr\u00e8s estimation,&#8230;<\/p>\n","protected":false},"author":1,"featured_media":0,"parent":0,"menu_order":0,"comment_status":"closed","ping_status":"closed","template":"","meta":{"advanced_seo_description":"","jetpack_seo_html_title":"","jetpack_seo_noindex":false,"footnotes":""},"class_list":["post-1071","page","type-page","status-publish","hentry"],"jetpack_sharing_enabled":true,"jetpack_shortlink":"https:\/\/wp.me\/P8pvUa-hh","jetpack-related-posts":[],"jetpack_likes_enabled":true,"_links":{"self":[{"href":"https:\/\/topographie-d-occasion.com\/index.php?rest_route=\/wp\/v2\/pages\/1071","targetHints":{"allow":["GET"]}}],"collection":[{"href":"https:\/\/topographie-d-occasion.com\/index.php?rest_route=\/wp\/v2\/pages"}],"about":[{"href":"https:\/\/topographie-d-occasion.com\/index.php?rest_route=\/wp\/v2\/types\/page"}],"author":[{"embeddable":true,"href":"https:\/\/topographie-d-occasion.com\/index.php?rest_route=\/wp\/v2\/users\/1"}],"replies":[{"embeddable":true,"href":"https:\/\/topographie-d-occasion.com\/index.php?rest_route=%2Fwp%2Fv2%2Fcomments&post=1071"}],"version-history":[{"count":7,"href":"https:\/\/topographie-d-occasion.com\/index.php?rest_route=\/wp\/v2\/pages\/1071\/revisions"}],"predecessor-version":[{"id":1096,"href":"https:\/\/topographie-d-occasion.com\/index.php?rest_route=\/wp\/v2\/pages\/1071\/revisions\/1096"}],"wp:attachment":[{"href":"https:\/\/topographie-d-occasion.com\/index.php?rest_route=%2Fwp%2Fv2%2Fmedia&parent=1071"}],"curies":[{"name":"wp","href":"https:\/\/api.w.org\/{rel}","templated":true}]}}